{"id":30,"date":"2022-09-30T11:18:38","date_gmt":"2022-09-30T11:18:38","guid":{"rendered":"https:\/\/albergueelvalle.es\/?page_id=30"},"modified":"2022-09-30T17:46:25","modified_gmt":"2022-09-30T17:46:25","slug":"donde-estamos","status":"publish","type":"page","link":"http:\/\/albergueelvalle.es\/index.php\/donde-estamos\/","title":{"rendered":"D\u00f3nde estamos"},"content":{"rendered":"\n<p>Km 65 de la C-615 junto al Santuario de la Virgen del Valle en Salda\u00f1a<br>Tel\u00e9fonos de informaci\u00f3n y reservas: 979 892 026 &#8211; 615 389 480<\/p>\n\n\n\n<figure class=\"wp-block-image size-full\"><a href=\"https:\/\/www.google.es\/maps\/search\/albergue+el+valle+salda%C3%B1a\/@42.5410428,-4.7393426,16z\"><img loading=\"lazy\" decoding=\"async\" width=\"838\" height=\"455\" src=\"https:\/\/albergueelvalle.es\/wp-content\/uploads\/2022\/09\/mapa-albergue.png\" alt=\"\" class=\"wp-image-51\" srcset=\"http:\/\/albergueelvalle.es\/wp-content\/uploads\/2022\/09\/mapa-albergue.png 838w, http:\/\/albergueelvalle.es\/wp-content\/uploads\/2022\/09\/mapa-albergue-300x163.png 300w, http:\/\/albergueelvalle.es\/wp-content\/uploads\/2022\/09\/mapa-albergue-768x417.png 768w\" sizes=\"auto, (max-width: 838px) 100vw, 838px\" \/><\/a><\/figure>\n","protected":false},"excerpt":{"rendered":"<p>Km 65 de la C-615 junto al Santuario de la Virgen del Valle en Salda\u00f1aTel\u00e9fonos de informaci\u00f3n y reservas: 979 892 026 &#8211; 615 389 480<\/p>\n","protected":false},"author":1,"featured_media":0,"parent":0,"menu_order":0,"comment_status":"closed","ping_status":"closed","template":"","meta":{"site-sidebar-layout":"default","site-content-layout":"default","ast-global-header-display":"","ast-main-header-display":"","ast-hfb-above-header-display":"","ast-hfb-below-header-display":"","ast-hfb-mobile-header-display":"","site-post-title":"","ast-breadcrumbs-content":"","ast-featured-img":"","footer-sml-layout":"","theme-transparent-header-meta":"","adv-header-id-meta":"","stick-header-meta":"","header-above-stick-meta":"","header-main-stick-meta":"","header-below-stick-meta":"","footnotes":""},"class_list":["post-30","page","type-page","status-publish","hentry"],"_links":{"self":[{"href":"http:\/\/albergueelvalle.es\/index.php\/wp-json\/wp\/v2\/pages\/30","targetHints":{"allow":["GET"]}}],"collection":[{"href":"http:\/\/albergueelvalle.es\/index.php\/wp-json\/wp\/v2\/pages"}],"about":[{"href":"http:\/\/albergueelvalle.es\/index.php\/wp-json\/wp\/v2\/types\/page"}],"author":[{"embeddable":true,"href":"http:\/\/albergueelvalle.es\/index.php\/wp-json\/wp\/v2\/users\/1"}],"replies":[{"embeddable":true,"href":"http:\/\/albergueelvalle.es\/index.php\/wp-json\/wp\/v2\/comments?post=30"}],"version-history":[{"count":3,"href":"http:\/\/albergueelvalle.es\/index.php\/wp-json\/wp\/v2\/pages\/30\/revisions"}],"predecessor-version":[{"id":53,"href":"http:\/\/albergueelvalle.es\/index.php\/wp-json\/wp\/v2\/pages\/30\/revisions\/53"}],"wp:attachment":[{"href":"http:\/\/albergueelvalle.es\/index.php\/wp-json\/wp\/v2\/media?parent=30"}],"curies":[{"name":"wp","href":"https:\/\/api.w.org\/{rel}","templated":true}]}}